{"id":1157,"date":"2021-08-05T08:26:21","date_gmt":"2021-08-05T08:26:21","guid":{"rendered":"https:\/\/www.ictsolutions.co\/knowledgeportal\/?page_id=1157"},"modified":"2022-01-11T11:44:39","modified_gmt":"2022-01-11T11:44:39","slug":"shendeti-seksual-per-adoleshentet","status":"publish","type":"page","link":"https:\/\/portalinjohurive.shkollatpershendetin.al\/en\/shendeti-seksual-per-adoleshentet\/","title":{"rendered":"Shendeti seksual per adoleshentet"},"content":{"rendered":"<h1>\n\t\tUdhezime : Si t\u00eb kujdeseni p\u00ebr sh\u00ebndetin tuaj seksual\n\t<\/h1>\n<h3>\n\t\tSi te mbroheni nga semundjet seksualisht te transmetueshme\n\t<\/h3>\n\t<p>Quisque commodo id mi non porttitor. Aenean sapien eros, commodo in lectus eu, auctor pretium diam. Mauris non orci quis est hendrerit laoreet id eget purus. Vivamus id ex non urna pulvinar consequat.<\/p>\n<p>Quisque commodo id mi non porttitor. Aenean sapien eros, commodo in lectus eu, auctor pretium diam. Mauris non orci quis est hendrerit laoreet id eget purus.<\/p>\n<ul>\n<li>Vivamus id ex non urna pulvinar consequat.Quisque commodo id mi non porttitor. Aenean sapien eros, commodo in lectus eu, auctor pretium diam. Mauris non orci quis est hendrerit laoreet id eget purus.<\/li>\n<li>Vivamus id ex non urna pulvinar consequat.Quisque commodo id mi non porttitor. Aenean sapien eros, commodo in lectus eu, auctor pretium diam. Mauris non orci quis est hendrerit laoreet id eget purus. Vivamus id ex non urna pulvinar consequat.<\/li>\n<li>Vivamus id ex non urna pulvinar consequat.Quisque commodo id mi non porttitor. Aenean sapien eros, commodo in lectus eu, auctor pretium diam. Mauris non orci quis est hendrerit laoreet id eget purus. Vivamus id ex non urna pulvinar consequat.Vivamus id ex non urna pulvinar consequat.Quisque commodo id mi non porttitor. Aenean sapien eros, commodo in lectus eu, auctor pretium diam. Mauris non orci quis est hendrerit laoreet id eget purus. Vivamus id ex non urna pulvinar consequat.<\/li>\n<\/ul>\n<ul>\n<li>Vivamus id ex non urna pulvinar consequat.Quisque commodo id mi non porttitor. Aenean sapien eros, commodo in lectus eu, auctor pretium diam. Mauris non orci quis est hendrerit laoreet id eget purus. Vivamus id ex non urna pulvinar consequat.<\/li>\n<\/ul>\n<h3>\n\t\tSi te mjekoni semundjet seksualisht te transmetueshme\n\t<\/h3>\n\t<p>Quisque commodo id mi non porttitor. Aenean sapien eros, commodo in lectus eu, auctor pretium diam. Mauris non orci quis est hendrerit laoreet id eget purus. Vivamus id ex non urna pulvinar consequat.<\/p>\n<p>Quisque commodo id mi non porttitor. Aenean sapien eros, commodo in lectus eu, auctor pretium diam. Mauris non orci quis est hendrerit laoreet id eget purus.<\/p>\n<ul>\n<li>Vivamus id ex non urna pulvinar consequat.Quisque commodo id mi non porttitor. Aenean sapien eros, commodo in lectus eu, auctor pretium diam. Mauris non orci quis est hendrerit laoreet id eget purus.<\/li>\n<li>Vivamus id ex non urna pulvinar consequat.Quisque commodo id mi non porttitor. Aenean sapien eros, commodo in lectus eu, auctor pretium diam. Mauris non orci quis est hendrerit laoreet id eget purus. Vivamus id ex non urna pulvinar consequat.<\/li>\n<li>Vivamus id ex non urna pulvinar consequat.Quisque commodo id mi non porttitor. Aenean sapien eros, commodo in lectus eu, auctor pretium diam. Mauris non orci quis est hendrerit laoreet id eget purus. Vivamus id ex non urna pulvinar consequat.Vivamus id ex non urna pulvinar consequat.Quisque commodo id mi non porttitor. Aenean sapien eros, commodo in lectus eu, auctor pretium diam. Mauris non orci quis est hendrerit laoreet id eget purus. Vivamus id ex non urna pulvinar consequat.<\/li>\n<\/ul>\n<ul>\n<li>Vivamus id ex non urna pulvinar consequat.Quisque commodo id mi non porttitor. Aenean sapien eros, commodo in lectus eu, auctor pretium diam. Mauris non orci quis est hendrerit laoreet id eget purus. Vivamus id ex non urna pulvinar consequat.<\/li>\n<\/ul>","protected":false},"excerpt":{"rendered":"<p>Udhezime : Si t\u00eb kujdeseni p\u00ebr sh\u00ebndetin tuaj seksual Si te mbroheni nga semundjet seksualisht te transmetueshme Quisque commodo id mi non porttitor. Aenean sapien eros, commodo in lectus eu, auctor pretium diam. Mauris non orci quis est hendrerit laoreet id eget purus. Vivamus id ex non urna pulvinar consequat. Quisque commodo id mi non [&hellip;]<\/p>","protected":false},"author":1,"featured_media":0,"parent":0,"menu_order":0,"comment_status":"closed","ping_status":"closed","template":"","meta":{"footnotes":""},"blocksy_meta":{"styles_descriptor":{"styles":{"desktop":"","tablet":"","mobile":""},"google_fonts":[],"version":6}},"_links":{"self":[{"href":"https:\/\/portalinjohurive.shkollatpershendetin.al\/en\/wp-json\/wp\/v2\/pages\/1157"}],"collection":[{"href":"https:\/\/portalinjohurive.shkollatpershendetin.al\/en\/wp-json\/wp\/v2\/pages"}],"about":[{"href":"https:\/\/portalinjohurive.shkollatpershendetin.al\/en\/wp-json\/wp\/v2\/types\/page"}],"author":[{"embeddable":true,"href":"https:\/\/portalinjohurive.shkollatpershendetin.al\/en\/wp-json\/wp\/v2\/users\/1"}],"replies":[{"embeddable":true,"href":"https:\/\/portalinjohurive.shkollatpershendetin.al\/en\/wp-json\/wp\/v2\/comments?post=1157"}],"version-history":[{"count":2,"href":"https:\/\/portalinjohurive.shkollatpershendetin.al\/en\/wp-json\/wp\/v2\/pages\/1157\/revisions"}],"predecessor-version":[{"id":1878,"href":"https:\/\/portalinjohurive.shkollatpershendetin.al\/en\/wp-json\/wp\/v2\/pages\/1157\/revisions\/1878"}],"wp:attachment":[{"href":"https:\/\/portalinjohurive.shkollatpershendetin.al\/en\/wp-json\/wp\/v2\/media?parent=1157"}],"curies":[{"name":"wp","href":"https:\/\/api.w.org\/{rel}","templated":true}]}}