{"id":1281,"date":"2021-08-05T13:17:49","date_gmt":"2021-08-05T13:17:49","guid":{"rendered":"https:\/\/www.ictsolutions.co\/knowledgeportal\/?page_id=1281"},"modified":"2025-09-01T12:50:51","modified_gmt":"2025-09-01T12:50:51","slug":"shendeti-mendor-manual","status":"publish","type":"page","link":"https:\/\/portalinjohurive.shkollatpershendetin.al\/en\/shendeti-mendor-manual\/","title":{"rendered":"Sh\u00ebndeti mendor-Manual"},"content":{"rendered":"<h1>\n\t\tManuale Trajnimi: Shendeti mendor\n\t<\/h1>\n\t<ul>\n<li><a href=\"https:\/\/portalinjohurive.shkollatpershendetin.al\/wp-content\/uploads\/2022\/01\/Moduli-3.pdf\">Sh\u00ebndeti mendor te nx\u00ebn\u00ebsit e mosh\u00ebs 6-16 vje\u00e7<\/a><\/li>\n<li><a href=\"https:\/\/portalinjohurive.shkollatpershendetin.al\/wp-content\/uploads\/2025\/09\/Edukimi-per-shendetin-mendor-Mosha-6-9-vjec.pdf\">Edukimi p\u00ebr sh\u00ebndetin mendor (Mosha 6-9 vje\u00e7)<\/a><\/li>\n<\/ul>","protected":false},"excerpt":{"rendered":"<p>Manuale Trajnimi: Shendeti mendor Sh\u00ebndeti mendor te nx\u00ebn\u00ebsit e mosh\u00ebs 6-16 vje\u00e7 Edukimi p\u00ebr sh\u00ebndetin mendor (Mosha 6-9 vje\u00e7)<\/p>","protected":false},"author":1,"featured_media":0,"parent":0,"menu_order":0,"comment_status":"closed","ping_status":"closed","template":"","meta":{"footnotes":""},"blocksy_meta":{"styles_descriptor":{"styles":{"desktop":"","tablet":"","mobile":""},"google_fonts":[],"version":6}},"_links":{"self":[{"href":"https:\/\/portalinjohurive.shkollatpershendetin.al\/en\/wp-json\/wp\/v2\/pages\/1281"}],"collection":[{"href":"https:\/\/portalinjohurive.shkollatpershendetin.al\/en\/wp-json\/wp\/v2\/pages"}],"about":[{"href":"https:\/\/portalinjohurive.shkollatpershendetin.al\/en\/wp-json\/wp\/v2\/types\/page"}],"author":[{"embeddable":true,"href":"https:\/\/portalinjohurive.shkollatpershendetin.al\/en\/wp-json\/wp\/v2\/users\/1"}],"replies":[{"embeddable":true,"href":"https:\/\/portalinjohurive.shkollatpershendetin.al\/en\/wp-json\/wp\/v2\/comments?post=1281"}],"version-history":[{"count":7,"href":"https:\/\/portalinjohurive.shkollatpershendetin.al\/en\/wp-json\/wp\/v2\/pages\/1281\/revisions"}],"predecessor-version":[{"id":3603,"href":"https:\/\/portalinjohurive.shkollatpershendetin.al\/en\/wp-json\/wp\/v2\/pages\/1281\/revisions\/3603"}],"wp:attachment":[{"href":"https:\/\/portalinjohurive.shkollatpershendetin.al\/en\/wp-json\/wp\/v2\/media?parent=1281"}],"curies":[{"name":"wp","href":"https:\/\/api.w.org\/{rel}","templated":true}]}}