{"id":1304,"date":"2021-08-05T13:40:14","date_gmt":"2021-08-05T13:40:14","guid":{"rendered":"https:\/\/www.ictsolutions.co\/knowledgeportal\/?page_id=1304"},"modified":"2025-09-03T08:22:08","modified_gmt":"2025-09-03T08:22:08","slug":"parandalimi-i-perdorimit-drograve-raporte","status":"publish","type":"page","link":"https:\/\/portalinjohurive.shkollatpershendetin.al\/en\/parandalimi-i-perdorimit-drograve-raporte\/","title":{"rendered":"Parandalimi i p\u00ebrdorimit  t\u00eb duhanit, alkoolit dhe drograve-raporte"},"content":{"rendered":"<h1>\n\t\tPrevent the use of tobacco, alcohol and drugs\n\t<\/h1>\n\t<p><em>Ky informacion \u00ebsht\u00eb i rekomanduar p\u00ebr punonj\u00ebsit e promocionit sh\u00ebndet\u00ebsor dhe infermier\u00ebt n\u00eb shkolla.<\/em><\/p>\n\t\t\t\t<a href=\"https:\/\/portalinjohurive.shkollatpershendetin.al\/wp-content\/uploads\/2025\/09\/Problemet-Me-Abuzimin-E-Droges.pdf\" target=\"_self\" itemprop=\"url\" rel=\"noopener\">\n\t\t\t\t<img loading=\"lazy\" decoding=\"async\" src=\"https:\/\/portalinjohurive.shkollatpershendetin.al\/wp-content\/uploads\/2025\/09\/doc10.png\" alt=\"doc10\" itemprop=\"image\" height=\"632\" width=\"897\" title=\"doc10\" onerror=\"this.style.display='none'\"  \/>\n\t\t\t\t<\/a>\n\t<p><a href=\"https:\/\/portalinjohurive.shkollatpershendetin.al\/wp-content\/uploads\/2025\/09\/Problemet-Me-Abuzimin-E-Droges.pdf\">Problemet Me Abuzimin E Droges<\/a><\/p>\n\t\t\t\t<a href=\"https:\/\/portalinjohurive.shkollatpershendetin.al\/wp-content\/uploads\/2025\/09\/Duhani.pdf\" target=\"_self\" itemprop=\"url\" rel=\"noopener\">\n\t\t\t\t<img loading=\"lazy\" decoding=\"async\" src=\"https:\/\/portalinjohurive.shkollatpershendetin.al\/wp-content\/uploads\/2025\/09\/doc11.png\" alt=\"doc11\" itemprop=\"image\" height=\"633\" width=\"1131\" title=\"doc11\" onerror=\"this.style.display='none'\"  \/>\n\t\t\t\t<\/a>\n\t<p><a href=\"https:\/\/portalinjohurive.shkollatpershendetin.al\/wp-content\/uploads\/2025\/09\/Duhani.pdf\">Duhani<\/a><\/p>\n\t\t\t\t<a href=\"https:\/\/portalinjohurive.shkollatpershendetin.al\/wp-content\/uploads\/2025\/09\/Alkooli.pdf\" target=\"_self\" itemprop=\"url\" rel=\"noopener\">\n\t\t\t\t<img loading=\"lazy\" decoding=\"async\" src=\"https:\/\/portalinjohurive.shkollatpershendetin.al\/wp-content\/uploads\/2025\/09\/doc12.png\" alt=\"doc12\" itemprop=\"image\" height=\"631\" width=\"1127\" title=\"doc12\" onerror=\"this.style.display='none'\"  \/>\n\t\t\t\t<\/a>\n\t<p><a href=\"https:\/\/portalinjohurive.shkollatpershendetin.al\/wp-content\/uploads\/2025\/09\/Alkooli.pdf\">Alkooli<\/a><\/p>","protected":false},"excerpt":{"rendered":"<p>Parandalimi i p\u00ebrdorimit t\u00eb duhanit, alkoolit dhe drograve Ky informacion \u00ebsht\u00eb i rekomanduar p\u00ebr punonj\u00ebsit e promocionit sh\u00ebndet\u00ebsor dhe infermier\u00ebt n\u00eb shkolla. Problemet Me Abuzimin E Droges Duhani Alkooli<\/p>","protected":false},"author":1,"featured_media":0,"parent":0,"menu_order":0,"comment_status":"closed","ping_status":"closed","template":"","meta":{"footnotes":""},"blocksy_meta":{"styles_descriptor":{"styles":{"desktop":"","tablet":"","mobile":""},"google_fonts":[],"version":6}},"_links":{"self":[{"href":"https:\/\/portalinjohurive.shkollatpershendetin.al\/en\/wp-json\/wp\/v2\/pages\/1304"}],"collection":[{"href":"https:\/\/portalinjohurive.shkollatpershendetin.al\/en\/wp-json\/wp\/v2\/pages"}],"about":[{"href":"https:\/\/portalinjohurive.shkollatpershendetin.al\/en\/wp-json\/wp\/v2\/types\/page"}],"author":[{"embeddable":true,"href":"https:\/\/portalinjohurive.shkollatpershendetin.al\/en\/wp-json\/wp\/v2\/users\/1"}],"replies":[{"embeddable":true,"href":"https:\/\/portalinjohurive.shkollatpershendetin.al\/en\/wp-json\/wp\/v2\/comments?post=1304"}],"version-history":[{"count":11,"href":"https:\/\/portalinjohurive.shkollatpershendetin.al\/en\/wp-json\/wp\/v2\/pages\/1304\/revisions"}],"predecessor-version":[{"id":3625,"href":"https:\/\/portalinjohurive.shkollatpershendetin.al\/en\/wp-json\/wp\/v2\/pages\/1304\/revisions\/3625"}],"wp:attachment":[{"href":"https:\/\/portalinjohurive.shkollatpershendetin.al\/en\/wp-json\/wp\/v2\/media?parent=1304"}],"curies":[{"name":"wp","href":"https:\/\/api.w.org\/{rel}","templated":true}]}}