{"id":177,"date":"2020-11-02T11:36:09","date_gmt":"2020-11-02T11:36:09","guid":{"rendered":"http:\/\/www.ictsolutions.co\/knowledgeportal\/?page_id=177"},"modified":"2022-01-12T07:56:15","modified_gmt":"2022-01-12T07:56:15","slug":"qasja-e-shkollave-2","status":"publish","type":"page","link":"https:\/\/portalinjohurive.shkollatpershendetin.al\/en\/qasja-e-shkollave-2\/","title":{"rendered":"School access"},"content":{"rendered":"<h2>\n\t\tSchool access\n\t<\/h2>\n\t<style>#sp-ea-1847 .spcollapsing { height: 0; overflow: hidden; transition-property: height;transition-duration: 300ms;}#sp-ea-1847.sp-easy-accordion>.sp-ea-single {margin-bottom: 10px; border: 1px solid #e2e2e2; }#sp-ea-1847.sp-easy-accordion>.sp-ea-single>.ea-header a {color: #444;}#sp-ea-1847.sp-easy-accordion>.sp-ea-single>.sp-collapse>.ea-body {background: #fff; color: #444;}#sp-ea-1847.sp-easy-accordion>.sp-ea-single {background: #eee;}#sp-ea-1847.sp-easy-accordion>.sp-ea-single>.ea-header a .ea-expand-icon { float: left; color: #444;font-size: 16px;}.anchor {\r\n    position: fixed;\r\n  display: none;\r\n}<\/style><div id=\"sp_easy_accordion-1776659990\"><div id=\"sp-ea-1847\" class=\"sp-ea-one sp-easy-accordion\" data-ex-icon=\"minus\" data-col-icon=\"plus\"  data-ea-active=\"ea-click\"  data-ea-mode=\"vertical\" data-preloader=\"\" data-scroll-active-item=\"\" data-offset-to-scroll=\"0\"><div class=\"ea-card ea-expand sp-ea-single\"><h3 class=\"ea-header\"><a class=\"collapsed\" id=\"ea-header-18470\" data-sptoggle=\"spcollapse\" data-sptarget=\"#collapse18470\" aria-controls=\"collapse18470\" href=\"javascript:void(0)\"  aria-expanded=\"true\" tabindex=\"0\"><i class=\"ea-expand-icon ea-icon-expand-minus\"><\/i> Politikat e sh\u00ebndetshme t\u00eb shkoll\u00ebs<\/a><\/h3><div class=\"sp-collapse spcollapse collapsed show\" id=\"collapse18470\" data-parent=\"#sp-ea-1847\" role=\"region\" aria-labelledby=\"ea-header-18470\"><div class=\"ea-body\"><p>Jan\u00eb dokumente t\u00eb p\u00ebrcaktuara qart\u00eb ose n\u00eb praktik\u00ebn e pranuar q\u00eb jan\u00eb krijuar p\u00ebr t\u00eb promovuar sh\u00ebndetin dhe mir\u00ebqenien. K\u00ebto politika mund t\u00eb rregullojn\u00eb se cilat ushqime mund t\u00eb sh\u00ebrbehen n\u00eb shkoll\u00eb ose p\u00ebrshkruajn\u00eb m\u00ebnyr\u00ebn e parandalimit ose adresimit t\u00eb ngacmimeve n\u00eb shkoll\u00eb. Politikat jan\u00eb pjes\u00eb e planit shkollor.<\/p>\n<\/div><\/div><\/div><div class=\"ea-card  sp-ea-single\"><h3 class=\"ea-header\"><a class=\"collapsed\" id=\"ea-header-18471\" data-sptoggle=\"spcollapse\" data-sptarget=\"#collapse18471\" aria-controls=\"collapse18471\" href=\"javascript:void(0)\"  aria-expanded=\"false\" tabindex=\"0\"><i class=\"ea-expand-icon ea-icon-expand-plus\"><\/i> Mjedisi fizik i shkoll\u00ebs<\/a><\/h3><div class=\"sp-collapse spcollapse\" id=\"collapse18471\" data-parent=\"#sp-ea-1847\" role=\"region\" aria-labelledby=\"ea-header-18471\"><div class=\"ea-body\"><p>P\u00ebrfshin nd\u00ebrtesat, mjediset dhe mjediset shkollore. P\u00ebr shembull, krijimi i nj\u00eb mjedisi t\u00eb sh\u00ebndetsh\u00ebm fizik mund t\u00eb p\u00ebrfshij\u00eb b\u00ebrjen e terrenit shkollor m\u00eb t\u00ebrheq\u00ebs p\u00ebr rekreacion dhe aktivitet fizik.<\/p>\n<\/div><\/div><\/div><div class=\"ea-card  sp-ea-single\"><h3 class=\"ea-header\"><a class=\"collapsed\" id=\"ea-header-18472\" data-sptoggle=\"spcollapse\" data-sptarget=\"#collapse18472\" aria-controls=\"collapse18472\" href=\"javascript:void(0)\"  aria-expanded=\"false\" tabindex=\"0\"><i class=\"ea-expand-icon ea-icon-expand-plus\"><\/i> Mjedisi shoq\u00ebror i shkoll\u00ebs<\/a><\/h3><div class=\"sp-collapse spcollapse\" id=\"collapse18472\" data-parent=\"#sp-ea-1847\" role=\"region\" aria-labelledby=\"ea-header-18472\"><div class=\"ea-body\"><p>Lidhet me cil\u00ebsin\u00eb e marr\u00ebdh\u00ebnieve nd\u00ebrmjet dhe midis an\u00ebtar\u00ebve t\u00eb komunitetit shkollor, p.sh., midis student\u00ebve dhe student\u00ebve dhe stafit t\u00eb shkoll\u00ebs. Mjedisi shoq\u00ebror ndikohet nga marr\u00ebdh\u00ebniet me prind\u00ebrit dhe komunitetin m\u00eb t\u00eb gjer\u00eb.<\/p>\n<\/div><\/div><\/div><div class=\"ea-card  sp-ea-single\"><h3 class=\"ea-header\"><a class=\"collapsed\" id=\"ea-header-18473\" data-sptoggle=\"spcollapse\" data-sptarget=\"#collapse18473\" aria-controls=\"collapse18473\" href=\"javascript:void(0)\"  aria-expanded=\"false\" tabindex=\"0\"><i class=\"ea-expand-icon ea-icon-expand-plus\"><\/i> Shkatht\u00ebsit\u00eb individuale sh\u00ebndet\u00ebsore dhe kompetencat e veprimit<\/a><\/h3><div class=\"sp-collapse spcollapse\" id=\"collapse18473\" data-parent=\"#sp-ea-1847\" role=\"region\" aria-labelledby=\"ea-header-18473\"><div class=\"ea-body\"><p>Mund t\u00eb promovohen p\u00ebrmes kurrikul\u00ebs, t\u00eb tilla si p\u00ebrmes edukimit sh\u00ebndet\u00ebsor shkollor dhe p\u00ebrmes aktiviteteve q\u00eb zhvillojn\u00eb njohuri dhe aft\u00ebsi t\u00eb cilat u mund\u00ebsojn\u00eb student\u00ebve t\u00eb nd\u00ebrtojn\u00eb aft\u00ebsi dhe t\u00eb nd\u00ebrmarrin veprime n\u00eb lidhje me sh\u00ebndetin, mir\u00ebqenien dhe arritjet arsimore.<\/p>\n<\/div><\/div><\/div><div class=\"ea-card  sp-ea-single\"><h3 class=\"ea-header\"><a class=\"collapsed\" id=\"ea-header-18474\" data-sptoggle=\"spcollapse\" data-sptarget=\"#collapse18474\" aria-controls=\"collapse18474\" href=\"javascript:void(0)\"  aria-expanded=\"false\" tabindex=\"0\"><i class=\"ea-expand-icon ea-icon-expand-plus\"><\/i> Lidhjet e komunitetit<\/a><\/h3><div class=\"sp-collapse spcollapse\" id=\"collapse18474\" data-parent=\"#sp-ea-1847\" role=\"region\" aria-labelledby=\"ea-header-18474\"><div class=\"ea-body\"><p>Jan\u00eb lidhje midis shkoll\u00ebs dhe familjeve t\u00eb nx\u00ebn\u00ebsve dhe shkoll\u00ebs dhe grupeve \/ individ\u00ebve kryesor\u00eb n\u00eb komunitetin p\u00ebrreth. Konsultimi dhe bashk\u00ebpunimi me pal\u00ebt e interesuara t\u00eb komunitetit do t\u00eb mb\u00ebshtesin p\u00ebrpjekjet shkollore p\u00ebr promovimin e sh\u00ebndetit dhe do t\u00eb mb\u00ebshtesin komunitetin shkollor n\u00eb veprimet e tyre p\u00ebr promovimin e sh\u00ebndetit.<\/p>\n<\/div><\/div><\/div><div class=\"ea-card  sp-ea-single\"><h3 class=\"ea-header\"><a class=\"collapsed\" id=\"ea-header-18475\" data-sptoggle=\"spcollapse\" data-sptarget=\"#collapse18475\" aria-controls=\"collapse18475\" href=\"javascript:void(0)\"  aria-expanded=\"false\" tabindex=\"0\"><i class=\"ea-expand-icon ea-icon-expand-plus\"><\/i> Sh\u00ebrbimet sh\u00ebndet\u00ebsore<\/a><\/h3><div class=\"sp-collapse spcollapse\" id=\"collapse18475\" data-parent=\"#sp-ea-1847\" role=\"region\" aria-labelledby=\"ea-header-18475\"><div class=\"ea-body\"><p>Jan\u00eb sh\u00ebrbimet sh\u00ebndet\u00ebsore lokale ose rajonale t\u00eb sh\u00ebndetit ose sh\u00ebrbimet e lidhura me shkoll\u00ebn q\u00eb jan\u00eb p\u00ebrgjegj\u00ebse p\u00ebr kujdesin sh\u00ebndet\u00ebsor t\u00eb student\u00ebve dhe promovimin e sh\u00ebndetit duke ofruar sh\u00ebrbime t\u00eb drejtp\u00ebrdrejta t\u00eb student\u00ebve. Kjo p\u00ebrfshin student\u00ebt me nevoja t\u00eb ve\u00e7anta. Punonj\u00ebsit e sh\u00ebrbimit sh\u00ebndet\u00ebsor mund t\u00eb punojn\u00eb me m\u00ebsuesit p\u00ebr \u00e7\u00ebshtje specifike, p.sh., higjena dhe edukimi seksual.<\/p>\n<\/div><\/div><\/div><\/div><\/div>","protected":false},"excerpt":{"rendered":"<p>School access<\/p>","protected":false},"author":1,"featured_media":178,"parent":0,"menu_order":0,"comment_status":"closed","ping_status":"closed","template":"","meta":{"footnotes":""},"blocksy_meta":{"styles_descriptor":{"styles":{"desktop":"","tablet":"","mobile":""},"google_fonts":[],"version":6}},"_links":{"self":[{"href":"https:\/\/portalinjohurive.shkollatpershendetin.al\/en\/wp-json\/wp\/v2\/pages\/177"}],"collection":[{"href":"https:\/\/portalinjohurive.shkollatpershendetin.al\/en\/wp-json\/wp\/v2\/pages"}],"about":[{"href":"https:\/\/portalinjohurive.shkollatpershendetin.al\/en\/wp-json\/wp\/v2\/types\/page"}],"author":[{"embeddable":true,"href":"https:\/\/portalinjohurive.shkollatpershendetin.al\/en\/wp-json\/wp\/v2\/users\/1"}],"replies":[{"embeddable":true,"href":"https:\/\/portalinjohurive.shkollatpershendetin.al\/en\/wp-json\/wp\/v2\/comments?post=177"}],"version-history":[{"count":5,"href":"https:\/\/portalinjohurive.shkollatpershendetin.al\/en\/wp-json\/wp\/v2\/pages\/177\/revisions"}],"predecessor-version":[{"id":1985,"href":"https:\/\/portalinjohurive.shkollatpershendetin.al\/en\/wp-json\/wp\/v2\/pages\/177\/revisions\/1985"}],"wp:featuredmedia":[{"embeddable":true,"href":"https:\/\/portalinjohurive.shkollatpershendetin.al\/en\/wp-json\/wp\/v2\/media\/178"}],"wp:attachment":[{"href":"https:\/\/portalinjohurive.shkollatpershendetin.al\/en\/wp-json\/wp\/v2\/media?parent=177"}],"curies":[{"name":"wp","href":"https:\/\/api.w.org\/{rel}","templated":true}]}}