{"id":1957,"date":"2022-01-11T15:43:32","date_gmt":"2022-01-11T15:43:32","guid":{"rendered":"https:\/\/www.ictsolutions.co\/knowledgeportal\/?page_id=1957"},"modified":"2024-07-26T14:36:08","modified_gmt":"2024-07-26T14:36:08","slug":"udhezues","status":"publish","type":"page","link":"https:\/\/portalinjohurive.shkollatpershendetin.al\/en\/udhezues\/","title":{"rendered":"Udh\u00ebzues"},"content":{"rendered":"<img loading=\"lazy\" decoding=\"async\" src=\"https:\/\/portalinjohurive.shkollatpershendetin.al\/wp-content\/uploads\/2024\/07\/info-1-150x150.png\" alt=\"info (1)\" itemprop=\"image\" height=\"150\" width=\"150\" title=\"info (1)\" onerror=\"this.style.display='none'\"  \/>\n\t  \n<div\n    class=\"betterdocs-category-grid-wrapper betterdocs-shortcode\">\n\t<div\n        class=\"betterdocs-category-grid-inner-wrapper layout-1 masonry docs-col-1 single-kb\" data-column_desktop=\"1\" style=\"--column: 1;\">\n        \n<article\n    data-id=\"50\" class=\"betterdocs-single-category-wrapper category-grid default\">\n\t<div class=\"betterdocs-single-category-inner\">\n\t\t\n<div class=\"betterdocs-category-header\">\n    <div class=\"betterdocs-category-header-inner\">\n        \n<div class=\"betterdocs-category-icon\">\n    <img decoding=\"async\" alt=\"\" class=\"betterdocs-category-icon-img\" src=\"https:\/\/portalinjohurive.shkollatpershendetin.al\/wp-content\/uploads\/2024\/07\/sop-150x150.png\" \/><\/div>\n<h2 class=\"betterdocs-category-title\">Udh\u00ebzues<\/h2>\n<div data-count=\"9\" class=\"betterdocs-category-items-counts\">\n    <span>\n         9     <\/span>\n<\/div>\n    <\/div>\n<\/div>\n<div class=\"betterdocs-body\">\n<ul class=\"betterdocs-articles-list\">\n    <li><svg version=\"1.1\" id=\"Layer_1\" xmlns=\"http:\/\/www.w3.org\/2000\/svg\" xmlns:xlink=\"http:\/\/www.w3.org\/1999\/xlink\" x=\"0px\" y=\"0px\"\n\t viewbox=\"0 0 100 100\" style=\"enable-background:new 0 0 100 100;\" xml:space=\"preserve\">\n<g id=\"Icon\">\n\t<path class=\"st0\" d=\"M90.6,87c0,3.4-1.3,6.6-3.7,9c-2.4,2.4-5.6,3.7-9,3.7H22.5c-3.4,0-6.6-1.3-9-3.7c-2.4-2.4-3.7-5.6-3.7-9V13.1\t\tc0-3.4,1.3-6.6,3.7-9c2.4-2.4,5.6-3.7,9-3.7h39.7c2.1,0,4.2,0.8,5.7,2.4l20.4,20.4c1.5,1.5,2.4,3.6,2.4,5.7V87z M83.7,87V28.9\t\tc0-0.3-0.1-0.6-0.3-0.8L62.9,7.7c-0.2-0.2-0.5-0.3-0.8-0.3H22.5c-1.5,0-3,0.6-4.1,1.7c-1.1,1.1-1.7,2.5-1.7,4.1V87\t\tc0,1.5,0.6,3,1.7,4.1c1.1,1.1,2.5,1.7,4.1,1.7h55.4c1.5,0,3-0.6,4.1-1.7C83.1,90,83.7,88.6,83.7,87z\"\/>\n\t<path class=\"st0\" d=\"M60.6,6.2c0-1.9,1.6-3.5,3.5-3.5s3.5,1.6,3.5,3.5v16.2c0,0.6,0.5,1.2,1.2,1.2h16.2c1.9,0,3.5,1.6,3.5,3.5\t\ts-1.6,3.5-3.5,3.5H68.7c-4.5,0-8.1-3.6-8.1-8.1V6.2z\"\/>\n\t<path class=\"st0\" d=\"M31.7,46.6c-1.9,0-3.5-1.6-3.5-3.5c0-1.9,1.6-3.5,3.5-3.5h36.9c1.9,0,3.5,1.6,3.5,3.5c0,1.9-1.6,3.5-3.5,3.5\t\tH31.7z\"\/>\n\t<path class=\"st0\" d=\"M31.7,62.8c-1.9,0-3.5-1.6-3.5-3.5c0-1.9,1.6-3.5,3.5-3.5h36.9c1.9,0,3.5,1.6,3.5,3.5c0,1.9-1.6,3.5-3.5,3.5\t\tH31.7z\"\/>\n\t<path class=\"st0\" d=\"M31.7,79c-1.9,0-3.5-1.6-3.5-3.5c0-1.9,1.6-3.5,3.5-3.5h20.8c1.9,0,3.5,1.6,3.5,3.5c0,1.9-1.6,3.5-3.5,3.5\t\tH31.7z\"\/>\n<\/g>\n<\/svg>\n<a href=\"https:\/\/portalinjohurive.shkollatpershendetin.al\/en\/docs\/udhezues-praktik-per-femijet-e-moshes-shkollore-6-11-vjec-2\/\"><span>Udh\u00ebzues Praktik P\u00ebr F\u00ebmij\u00ebt E Mosh\u00ebs Shkollore 6-11 Vje\u00e7<\/span> <\/a><\/li><li><svg version=\"1.1\" id=\"Layer_1\" xmlns=\"http:\/\/www.w3.org\/2000\/svg\" xmlns:xlink=\"http:\/\/www.w3.org\/1999\/xlink\" x=\"0px\" y=\"0px\"\n\t viewbox=\"0 0 100 100\" style=\"enable-background:new 0 0 100 100;\" xml:space=\"preserve\">\n<g id=\"Icon\">\n\t<path class=\"st0\" d=\"M90.6,87c0,3.4-1.3,6.6-3.7,9c-2.4,2.4-5.6,3.7-9,3.7H22.5c-3.4,0-6.6-1.3-9-3.7c-2.4-2.4-3.7-5.6-3.7-9V13.1\t\tc0-3.4,1.3-6.6,3.7-9c2.4-2.4,5.6-3.7,9-3.7h39.7c2.1,0,4.2,0.8,5.7,2.4l20.4,20.4c1.5,1.5,2.4,3.6,2.4,5.7V87z M83.7,87V28.9\t\tc0-0.3-0.1-0.6-0.3-0.8L62.9,7.7c-0.2-0.2-0.5-0.3-0.8-0.3H22.5c-1.5,0-3,0.6-4.1,1.7c-1.1,1.1-1.7,2.5-1.7,4.1V87\t\tc0,1.5,0.6,3,1.7,4.1c1.1,1.1,2.5,1.7,4.1,1.7h55.4c1.5,0,3-0.6,4.1-1.7C83.1,90,83.7,88.6,83.7,87z\"\/>\n\t<path class=\"st0\" d=\"M60.6,6.2c0-1.9,1.6-3.5,3.5-3.5s3.5,1.6,3.5,3.5v16.2c0,0.6,0.5,1.2,1.2,1.2h16.2c1.9,0,3.5,1.6,3.5,3.5\t\ts-1.6,3.5-3.5,3.5H68.7c-4.5,0-8.1-3.6-8.1-8.1V6.2z\"\/>\n\t<path class=\"st0\" d=\"M31.7,46.6c-1.9,0-3.5-1.6-3.5-3.5c0-1.9,1.6-3.5,3.5-3.5h36.9c1.9,0,3.5,1.6,3.5,3.5c0,1.9-1.6,3.5-3.5,3.5\t\tH31.7z\"\/>\n\t<path class=\"st0\" d=\"M31.7,62.8c-1.9,0-3.5-1.6-3.5-3.5c0-1.9,1.6-3.5,3.5-3.5h36.9c1.9,0,3.5,1.6,3.5,3.5c0,1.9-1.6,3.5-3.5,3.5\t\tH31.7z\"\/>\n\t<path class=\"st0\" d=\"M31.7,79c-1.9,0-3.5-1.6-3.5-3.5c0-1.9,1.6-3.5,3.5-3.5h20.8c1.9,0,3.5,1.6,3.5,3.5c0,1.9-1.6,3.5-3.5,3.5\t\tH31.7z\"\/>\n<\/g>\n<\/svg>\n<a href=\"https:\/\/portalinjohurive.shkollatpershendetin.al\/en\/docs\/udhezues-praktik-per-femijet-e-moshes-shkollore-12-15-vjec-3\/\"><span>Udh\u00ebzues Praktik P\u00ebr F\u00ebmij\u00ebt E Mosh\u00ebs Shkollore 12-15 Vje\u00e7<\/span> <\/a><\/li><li><svg version=\"1.1\" id=\"Layer_1\" xmlns=\"http:\/\/www.w3.org\/2000\/svg\" xmlns:xlink=\"http:\/\/www.w3.org\/1999\/xlink\" x=\"0px\" y=\"0px\"\n\t viewbox=\"0 0 100 100\" style=\"enable-background:new 0 0 100 100;\" xml:space=\"preserve\">\n<g id=\"Icon\">\n\t<path class=\"st0\" d=\"M90.6,87c0,3.4-1.3,6.6-3.7,9c-2.4,2.4-5.6,3.7-9,3.7H22.5c-3.4,0-6.6-1.3-9-3.7c-2.4-2.4-3.7-5.6-3.7-9V13.1\t\tc0-3.4,1.3-6.6,3.7-9c2.4-2.4,5.6-3.7,9-3.7h39.7c2.1,0,4.2,0.8,5.7,2.4l20.4,20.4c1.5,1.5,2.4,3.6,2.4,5.7V87z M83.7,87V28.9\t\tc0-0.3-0.1-0.6-0.3-0.8L62.9,7.7c-0.2-0.2-0.5-0.3-0.8-0.3H22.5c-1.5,0-3,0.6-4.1,1.7c-1.1,1.1-1.7,2.5-1.7,4.1V87\t\tc0,1.5,0.6,3,1.7,4.1c1.1,1.1,2.5,1.7,4.1,1.7h55.4c1.5,0,3-0.6,4.1-1.7C83.1,90,83.7,88.6,83.7,87z\"\/>\n\t<path class=\"st0\" d=\"M60.6,6.2c0-1.9,1.6-3.5,3.5-3.5s3.5,1.6,3.5,3.5v16.2c0,0.6,0.5,1.2,1.2,1.2h16.2c1.9,0,3.5,1.6,3.5,3.5\t\ts-1.6,3.5-3.5,3.5H68.7c-4.5,0-8.1-3.6-8.1-8.1V6.2z\"\/>\n\t<path class=\"st0\" d=\"M31.7,46.6c-1.9,0-3.5-1.6-3.5-3.5c0-1.9,1.6-3.5,3.5-3.5h36.9c1.9,0,3.5,1.6,3.5,3.5c0,1.9-1.6,3.5-3.5,3.5\t\tH31.7z\"\/>\n\t<path class=\"st0\" d=\"M31.7,62.8c-1.9,0-3.5-1.6-3.5-3.5c0-1.9,1.6-3.5,3.5-3.5h36.9c1.9,0,3.5,1.6,3.5,3.5c0,1.9-1.6,3.5-3.5,3.5\t\tH31.7z\"\/>\n\t<path class=\"st0\" d=\"M31.7,79c-1.9,0-3.5-1.6-3.5-3.5c0-1.9,1.6-3.5,3.5-3.5h20.8c1.9,0,3.5,1.6,3.5,3.5c0,1.9-1.6,3.5-3.5,3.5\t\tH31.7z\"\/>\n<\/g>\n<\/svg>\n<a href=\"https:\/\/portalinjohurive.shkollatpershendetin.al\/en\/docs\/nje-manual-praktik-per-autoritetet-e-pushtetit-vendor-3\/\"><span>Udh\u00ebzues P\u00ebr Autoritetet E Pushtetit Vendor<\/span> <\/a><\/li><li><svg version=\"1.1\" id=\"Layer_1\" xmlns=\"http:\/\/www.w3.org\/2000\/svg\" xmlns:xlink=\"http:\/\/www.w3.org\/1999\/xlink\" x=\"0px\" y=\"0px\"\n\t viewbox=\"0 0 100 100\" style=\"enable-background:new 0 0 100 100;\" xml:space=\"preserve\">\n<g id=\"Icon\">\n\t<path class=\"st0\" d=\"M90.6,87c0,3.4-1.3,6.6-3.7,9c-2.4,2.4-5.6,3.7-9,3.7H22.5c-3.4,0-6.6-1.3-9-3.7c-2.4-2.4-3.7-5.6-3.7-9V13.1\t\tc0-3.4,1.3-6.6,3.7-9c2.4-2.4,5.6-3.7,9-3.7h39.7c2.1,0,4.2,0.8,5.7,2.4l20.4,20.4c1.5,1.5,2.4,3.6,2.4,5.7V87z M83.7,87V28.9\t\tc0-0.3-0.1-0.6-0.3-0.8L62.9,7.7c-0.2-0.2-0.5-0.3-0.8-0.3H22.5c-1.5,0-3,0.6-4.1,1.7c-1.1,1.1-1.7,2.5-1.7,4.1V87\t\tc0,1.5,0.6,3,1.7,4.1c1.1,1.1,2.5,1.7,4.1,1.7h55.4c1.5,0,3-0.6,4.1-1.7C83.1,90,83.7,88.6,83.7,87z\"\/>\n\t<path class=\"st0\" d=\"M60.6,6.2c0-1.9,1.6-3.5,3.5-3.5s3.5,1.6,3.5,3.5v16.2c0,0.6,0.5,1.2,1.2,1.2h16.2c1.9,0,3.5,1.6,3.5,3.5\t\ts-1.6,3.5-3.5,3.5H68.7c-4.5,0-8.1-3.6-8.1-8.1V6.2z\"\/>\n\t<path class=\"st0\" d=\"M31.7,46.6c-1.9,0-3.5-1.6-3.5-3.5c0-1.9,1.6-3.5,3.5-3.5h36.9c1.9,0,3.5,1.6,3.5,3.5c0,1.9-1.6,3.5-3.5,3.5\t\tH31.7z\"\/>\n\t<path class=\"st0\" d=\"M31.7,62.8c-1.9,0-3.5-1.6-3.5-3.5c0-1.9,1.6-3.5,3.5-3.5h36.9c1.9,0,3.5,1.6,3.5,3.5c0,1.9-1.6,3.5-3.5,3.5\t\tH31.7z\"\/>\n\t<path class=\"st0\" d=\"M31.7,79c-1.9,0-3.5-1.6-3.5-3.5c0-1.9,1.6-3.5,3.5-3.5h20.8c1.9,0,3.5,1.6,3.5,3.5c0,1.9-1.6,3.5-3.5,3.5\t\tH31.7z\"\/>\n<\/g>\n<\/svg>\n<a href=\"https:\/\/portalinjohurive.shkollatpershendetin.al\/en\/docs\/nje-manual-praktik-per-mesuesit-dhe-autoritetet-drejtuese-te-shkollave-9-vjecare-3\/\"><span>Udh\u00ebzues P\u00ebr M\u00ebsuesit Dhe Autoritetet Drejtuese T\u00eb Shkollave 9-Vje\u00e7are<\/span> <\/a><\/li><li><svg version=\"1.1\" id=\"Layer_1\" xmlns=\"http:\/\/www.w3.org\/2000\/svg\" xmlns:xlink=\"http:\/\/www.w3.org\/1999\/xlink\" x=\"0px\" y=\"0px\"\n\t viewbox=\"0 0 100 100\" style=\"enable-background:new 0 0 100 100;\" xml:space=\"preserve\">\n<g id=\"Icon\">\n\t<path class=\"st0\" d=\"M90.6,87c0,3.4-1.3,6.6-3.7,9c-2.4,2.4-5.6,3.7-9,3.7H22.5c-3.4,0-6.6-1.3-9-3.7c-2.4-2.4-3.7-5.6-3.7-9V13.1\t\tc0-3.4,1.3-6.6,3.7-9c2.4-2.4,5.6-3.7,9-3.7h39.7c2.1,0,4.2,0.8,5.7,2.4l20.4,20.4c1.5,1.5,2.4,3.6,2.4,5.7V87z M83.7,87V28.9\t\tc0-0.3-0.1-0.6-0.3-0.8L62.9,7.7c-0.2-0.2-0.5-0.3-0.8-0.3H22.5c-1.5,0-3,0.6-4.1,1.7c-1.1,1.1-1.7,2.5-1.7,4.1V87\t\tc0,1.5,0.6,3,1.7,4.1c1.1,1.1,2.5,1.7,4.1,1.7h55.4c1.5,0,3-0.6,4.1-1.7C83.1,90,83.7,88.6,83.7,87z\"\/>\n\t<path class=\"st0\" d=\"M60.6,6.2c0-1.9,1.6-3.5,3.5-3.5s3.5,1.6,3.5,3.5v16.2c0,0.6,0.5,1.2,1.2,1.2h16.2c1.9,0,3.5,1.6,3.5,3.5\t\ts-1.6,3.5-3.5,3.5H68.7c-4.5,0-8.1-3.6-8.1-8.1V6.2z\"\/>\n\t<path class=\"st0\" d=\"M31.7,46.6c-1.9,0-3.5-1.6-3.5-3.5c0-1.9,1.6-3.5,3.5-3.5h36.9c1.9,0,3.5,1.6,3.5,3.5c0,1.9-1.6,3.5-3.5,3.5\t\tH31.7z\"\/>\n\t<path class=\"st0\" d=\"M31.7,62.8c-1.9,0-3.5-1.6-3.5-3.5c0-1.9,1.6-3.5,3.5-3.5h36.9c1.9,0,3.5,1.6,3.5,3.5c0,1.9-1.6,3.5-3.5,3.5\t\tH31.7z\"\/>\n\t<path class=\"st0\" d=\"M31.7,79c-1.9,0-3.5-1.6-3.5-3.5c0-1.9,1.6-3.5,3.5-3.5h20.8c1.9,0,3.5,1.6,3.5,3.5c0,1.9-1.6,3.5-3.5,3.5\t\tH31.7z\"\/>\n<\/g>\n<\/svg>\n<a href=\"https:\/\/portalinjohurive.shkollatpershendetin.al\/en\/docs\/udhezues-per-personelin-shendetesor-dhe-stafin-e-sherbimit-psikosocial-te-shkollave-9-vjecare\/\"><span>Udh\u00ebzues P\u00ebr Personelin Sh\u00ebndet\u00ebsor Dhe Stafin E Sh\u00ebrbimit Psikosocial T\u00eb Shkollave 9-Vje\u00e7are<\/span> <\/a><\/li><\/ul>\n<\/div>\n<div class=\"betterdocs-footer\">\n    \n<a class=\"docs-cat-link-btn betterdocs-category-link-btn\" href=\"https:\/\/portalinjohurive.shkollatpershendetin.al\/en\/docs-category\/udhezues\/\">\n    Shiko m\u00eb tep\u00ebr<\/a>\n<\/div>\n\t<\/div>\n<\/article>\n\t<\/div>\n        <div class=\"clearfix\"><\/div>\n    <\/div>","protected":false},"excerpt":{"rendered":"","protected":false},"author":1,"featured_media":0,"parent":0,"menu_order":0,"comment_status":"closed","ping_status":"closed","template":"","meta":{"footnotes":""},"blocksy_meta":{"styles_descriptor":{"styles":{"desktop":"","tablet":"","mobile":""},"google_fonts":[],"version":6}},"_links":{"self":[{"href":"https:\/\/portalinjohurive.shkollatpershendetin.al\/en\/wp-json\/wp\/v2\/pages\/1957"}],"collection":[{"href":"https:\/\/portalinjohurive.shkollatpershendetin.al\/en\/wp-json\/wp\/v2\/pages"}],"about":[{"href":"https:\/\/portalinjohurive.shkollatpershendetin.al\/en\/wp-json\/wp\/v2\/types\/page"}],"author":[{"embeddable":true,"href":"https:\/\/portalinjohurive.shkollatpershendetin.al\/en\/wp-json\/wp\/v2\/users\/1"}],"replies":[{"embeddable":true,"href":"https:\/\/portalinjohurive.shkollatpershendetin.al\/en\/wp-json\/wp\/v2\/comments?post=1957"}],"version-history":[{"count":6,"href":"https:\/\/portalinjohurive.shkollatpershendetin.al\/en\/wp-json\/wp\/v2\/pages\/1957\/revisions"}],"predecessor-version":[{"id":3370,"href":"https:\/\/portalinjohurive.shkollatpershendetin.al\/en\/wp-json\/wp\/v2\/pages\/1957\/revisions\/3370"}],"wp:attachment":[{"href":"https:\/\/portalinjohurive.shkollatpershendetin.al\/en\/wp-json\/wp\/v2\/media?parent=1957"}],"curies":[{"name":"wp","href":"https:\/\/api.w.org\/{rel}","templated":true}]}}