{"id":3123,"date":"2023-12-04T15:19:51","date_gmt":"2023-12-04T15:19:51","guid":{"rendered":"https:\/\/portalinjohurive.shkollatpershendetin.al\/?page_id=3123"},"modified":"2023-12-04T16:27:03","modified_gmt":"2023-12-04T16:27:03","slug":"planifikimet-ditore-dhe-situatat-e-te-nxenit-mbi-sjelljet-e-shendetshme","status":"publish","type":"page","link":"https:\/\/portalinjohurive.shkollatpershendetin.al\/en\/planifikimet-ditore-dhe-situatat-e-te-nxenit-mbi-sjelljet-e-shendetshme\/","title":{"rendered":"Planifikimet Ditore dhe Situatat e t\u00eb Nx\u00ebnit mbi Sjelljet e Sh\u00ebndetshme"},"content":{"rendered":"<a href=\"https:\/\/portalinjohurive.shkollatpershendetin.al\/wp-content\/uploads\/2023\/12\/Broshure-mbi-planifikimet-ditore_Dituri-Natyre_Arsim-Fillor-1.pdf\" target=\"_blank\" rel=\"noopener\" itemprop=\"url\">\n\t\t\t\t<img loading=\"lazy\" decoding=\"async\" src=\"https:\/\/portalinjohurive.shkollatpershendetin.al\/wp-content\/uploads\/2023\/12\/1-Dituri-Natyre.png\" alt=\"1-Dituri Natyre\" itemprop=\"image\" height=\"1080\" width=\"1080\" title=\"1-Dituri Natyre\" onerror=\"this.style.display='none'\"  \/>\n\t\t\t\t<\/a>\n\t\t\t\t<a href=\"https:\/\/portalinjohurive.shkollatpershendetin.al\/wp-content\/uploads\/2023\/12\/Broshure-mbi-planifikimet-ditore_Biologji_AMU-1.pdf\" target=\"_blank\" rel=\"noopener\" itemprop=\"url\">\n\t\t\t\t<img loading=\"lazy\" decoding=\"async\" src=\"https:\/\/portalinjohurive.shkollatpershendetin.al\/wp-content\/uploads\/2023\/12\/2-Biologji.png\" alt=\"2-Biologji\" itemprop=\"image\" height=\"1080\" width=\"1080\" title=\"2-Biologji\" onerror=\"this.style.display='none'\"  \/>\n\t\t\t\t<\/a>\n\t\t\t\t<a href=\"https:\/\/portalinjohurive.shkollatpershendetin.al\/wp-content\/uploads\/2023\/12\/Broshure-mbi-planifikimet-ditore_Edukim-fizik-Sporte-dhe-Shendet_AFAMU-1.pdf\" target=\"_blank\" rel=\"noopener\" itemprop=\"url\">\n\t\t\t\t<img loading=\"lazy\" decoding=\"async\" src=\"https:\/\/portalinjohurive.shkollatpershendetin.al\/wp-content\/uploads\/2023\/12\/3-Ed-Fizik.png\" alt=\"3-Ed Fizik\" itemprop=\"image\" height=\"1080\" width=\"1080\" title=\"3-Ed Fizik\" onerror=\"this.style.display='none'\"  \/>\n\t\t\t\t<\/a>\n\t\t\t\t<a href=\"https:\/\/portalinjohurive.shkollatpershendetin.al\/wp-content\/uploads\/2023\/12\/Broshure-mbi-planifikimet-ditore_Qytetari_AFAMU-1.pdf\" target=\"_blank\" rel=\"noopener\" itemprop=\"url\">\n\t\t\t\t<img loading=\"lazy\" decoding=\"async\" src=\"https:\/\/portalinjohurive.shkollatpershendetin.al\/wp-content\/uploads\/2023\/12\/4-Qytetari.png\" alt=\"4-Qytetari\" itemprop=\"image\" height=\"1080\" width=\"1080\" title=\"4-Qytetari\" onerror=\"this.style.display='none'\"  \/>\n\t\t\t\t<\/a>","protected":false},"excerpt":{"rendered":"","protected":false},"author":1,"featured_media":0,"parent":0,"menu_order":0,"comment_status":"closed","ping_status":"closed","template":"","meta":{"footnotes":""},"blocksy_meta":[],"_links":{"self":[{"href":"https:\/\/portalinjohurive.shkollatpershendetin.al\/en\/wp-json\/wp\/v2\/pages\/3123"}],"collection":[{"href":"https:\/\/portalinjohurive.shkollatpershendetin.al\/en\/wp-json\/wp\/v2\/pages"}],"about":[{"href":"https:\/\/portalinjohurive.shkollatpershendetin.al\/en\/wp-json\/wp\/v2\/types\/page"}],"author":[{"embeddable":true,"href":"https:\/\/portalinjohurive.shkollatpershendetin.al\/en\/wp-json\/wp\/v2\/users\/1"}],"replies":[{"embeddable":true,"href":"https:\/\/portalinjohurive.shkollatpershendetin.al\/en\/wp-json\/wp\/v2\/comments?post=3123"}],"version-history":[{"count":3,"href":"https:\/\/portalinjohurive.shkollatpershendetin.al\/en\/wp-json\/wp\/v2\/pages\/3123\/revisions"}],"predecessor-version":[{"id":3135,"href":"https:\/\/portalinjohurive.shkollatpershendetin.al\/en\/wp-json\/wp\/v2\/pages\/3123\/revisions\/3135"}],"wp:attachment":[{"href":"https:\/\/portalinjohurive.shkollatpershendetin.al\/en\/wp-json\/wp\/v2\/media?parent=3123"}],"curies":[{"name":"wp","href":"https:\/\/api.w.org\/{rel}","templated":true}]}}